{"id":1036,"date":"2022-05-02T20:42:34","date_gmt":"2022-05-02T20:42:34","guid":{"rendered":"https:\/\/www.artbutik.si\/?page_id=1036"},"modified":"2022-05-02T22:00:13","modified_gmt":"2022-05-02T22:00:13","slug":"tisk","status":"publish","type":"page","link":"https:\/\/www.artbutik.si\/en\/tisk\/","title":{"rendered":"Tisk"},"content":{"rendered":"\n<div class=\"wp-block-columns is-not-stacked-on-mobile is-layout-flex wp-container-core-columns-is-layout-9d6595d7 wp-block-columns-is-layout-flex\">\n<div class=\"wp-block-column is-layout-flow wp-block-column-is-layout-flow\" style=\"flex-basis:70%\">\n<h1 class=\"wp-block-heading\">RAZLI\u010cNE MO\u017dNOSTI TISKA &#8211; INKJET, LASER, OFSET<\/h1>\n\n\n\n<p>Nudimo razli\u010dne na\u010dine tiska. V kolikor se te\u017eko odlo\u010dite katera tehnika je za vas najbolj primerna, vam z veseljem pomagamo preko e-po\u0161te ali telefona.<\/p>\n\n\n\n<h2 class=\"wp-block-heading\">Inkjet tisk<\/h2>\n\n\n\n<p>Inkjet tisk omogo\u010da najvi\u0161jo kvaliteto izpisa in tisk zelo velikih formatov. Primeren je za tisk manj\u0161ih koli\u010din, od 1 do 100 kosov &#8211; razli\u010dnih velikosti in vsebin. Tiskamo lahko na slikarsko platno in razli\u010dne foto ter umetni\u0161ke papirje, ki se lo\u010dijo glede na te\u017eo, sijajnost, reliefnost in obarvanost. Z uporabo brezkislinskih umetni\u0161kih papirjev in pigmentnih barvil so gicl\u00e9e grafike barvno obstojne tudi 100 let in ve\u010d, ob otipu pa \u017ee za\u010dutite kvaliteto.<\/p>\n\n\n\n<h2 class=\"wp-block-heading\">Laserski tisk<\/h2>\n\n\n\n<p>Laserski tisk je namenjen tisku manj\u0161ih koli\u010din do 300 kosov, kjer je pomembna nizka cena in mo\u017enost personalizacije vsebine. Laserski tisk je namenjen izdelavi vabil, jedilnikov, \u010destitk, bro\u0161ur, foto knjig, itd.<\/p>\n\n\n\n<h2 class=\"wp-block-heading\">Ofset tisk<\/h2>\n\n\n\n<p>Ofset tisk je namenjen tisku ve\u010djih koli\u010din ve\u010dstranskih knjig, katalogov, bro\u0161ur, plakatov od 100 kosov naprej, kjer je pomembna ni\u017eja cena, bolj\u0161a kvaliteta kot laserski tisk in hitrost izdelave ve\u010dje koli\u010dine tiskovin.<\/p>\n<\/div>\n\n\n\n<div class=\"wp-block-column is-layout-flow wp-block-column-is-layout-flow\" style=\"flex-basis:30%\">\n\n<!-- Page-list plugin v.5.7 wordpress.org\/plugins\/page-list\/ -->\n<ul class=\"page-list subpages-page-list \">\n<li class=\"page_item page-item-1044\"><a href=\"https:\/\/www.artbutik.si\/en\/tisk\/1044-2\/\">Tisk umetni\u0161kih del<\/a><\/li>\n<li class=\"page_item page-item-1041\"><a href=\"https:\/\/www.artbutik.si\/en\/tisk\/tisk-fotografij\/\">Tisk fotografij<\/a><\/li>\n<li class=\"page_item page-item-1048\"><a href=\"https:\/\/www.artbutik.si\/en\/tisk\/tisk-plakatov\/\">Tisk plakatov<\/a><\/li>\n<li class=\"page_item page-item-1051\"><a href=\"https:\/\/www.artbutik.si\/en\/tisk\/tisk-nacrtov\/\">Tisk na\u010drtov<\/a><\/li>\n<li class=\"page_item page-item-1058\"><a href=\"https:\/\/www.artbutik.si\/en\/tisk\/tisk-fototapet\/\">Tisk fototapet<\/a><\/li>\n<li class=\"page_item page-item-1053\"><a href=\"https:\/\/www.artbutik.si\/en\/tisk\/1053-2\/\">Izrez nalepk<\/a><\/li>\n<li class=\"page_item page-item-1056\"><a href=\"https:\/\/www.artbutik.si\/en\/tisk\/tisk-nalepk\/\">Tisk nalepk<\/a><\/li>\n\n<\/ul>\n<\/div>\n<\/div>\n","protected":false},"excerpt":{"rendered":"<p>RAZLI\u010cNE MO\u017dNOSTI TISKA &#8211; INKJET, LASER, OFSET Nudimo razli\u010dne na\u010dine tiska. V kolikor se te\u017eko odlo\u010dite katera tehnika je za vas najbolj primerna, vam z veseljem pomagamo preko e-po\u0161te ali telefona. Inkjet tisk Inkjet tisk omogo\u010da najvi\u0161jo kvaliteto izpisa in tisk zelo velikih formatov. Primeren je za tisk manj\u0161ih koli\u010din, od 1 do 100 kosov [&hellip;]<\/p>\n","protected":false},"author":1,"featured_media":0,"parent":0,"menu_order":0,"comment_status":"closed","ping_status":"closed","template":"","meta":{"footnotes":""},"class_list":["post-1036","page","type-page","status-publish","hentry"],"acf":[],"_links":{"self":[{"href":"https:\/\/www.artbutik.si\/en\/wp-json\/wp\/v2\/pages\/1036","targetHints":{"allow":["GET"]}}],"collection":[{"href":"https:\/\/www.artbutik.si\/en\/wp-json\/wp\/v2\/pages"}],"about":[{"href":"https:\/\/www.artbutik.si\/en\/wp-json\/wp\/v2\/types\/page"}],"author":[{"embeddable":true,"href":"https:\/\/www.artbutik.si\/en\/wp-json\/wp\/v2\/users\/1"}],"replies":[{"embeddable":true,"href":"https:\/\/www.artbutik.si\/en\/wp-json\/wp\/v2\/comments?post=1036"}],"version-history":[{"count":5,"href":"https:\/\/www.artbutik.si\/en\/wp-json\/wp\/v2\/pages\/1036\/revisions"}],"predecessor-version":[{"id":1078,"href":"https:\/\/www.artbutik.si\/en\/wp-json\/wp\/v2\/pages\/1036\/revisions\/1078"}],"wp:attachment":[{"href":"https:\/\/www.artbutik.si\/en\/wp-json\/wp\/v2\/media?parent=1036"}],"curies":[{"name":"wp","href":"https:\/\/api.w.org\/{rel}","templated":true}]}}