{"id":1041,"date":"2022-05-02T20:58:04","date_gmt":"2022-05-02T20:58:04","guid":{"rendered":"https:\/\/www.artbutik.si\/?page_id=1041"},"modified":"2022-05-02T21:36:38","modified_gmt":"2022-05-02T21:36:38","slug":"tisk-fotografij","status":"publish","type":"page","link":"https:\/\/www.artbutik.si\/en\/tisk\/tisk-fotografij\/","title":{"rendered":"Tisk fotografij"},"content":{"rendered":"\n<div class=\"wp-block-columns is-layout-flex wp-container-core-columns-is-layout-9d6595d7 wp-block-columns-is-layout-flex\">\n<div class=\"wp-block-column is-layout-flow wp-block-column-is-layout-flow\" style=\"flex-basis:66.66%\">\n<h1 class=\"wp-block-heading\">TISK NA FOTO PAPIR<\/h1>\n\n\n\n<p>\u017delite iz va\u0161ih digitalnih fotografij iztisniti vse najmanj\u0161e podrobnosti in najlep\u0161e barve na najbolj\u0161i mo\u017eni na\u010din? Bi \u017eeleli ogromno pove\u010davo? Preko e-po\u0161te nam po\u0161ljite fotografijo, pripi\u0161ite \u017eeljeno velikost in izgled papirja (mat, polsijaj, sijaj), mi pa bomo poskrbeli, da bo va\u0161a fotografija izgledala super dobro!<\/p>\n\n\n\n<p>Za tisk fotografij uporabljamo InkJet tiskalnike z raz\u0161irjeno paleto barv ter zelo visoko lo\u010dljivostjo tiska 1200\u00d72400 dpi. Z dvanajstimi razli\u010dnimi barvami lahko natisnemo izjemno barvno bogate slike. Uporabljamo pigmentne barve, ki so zelo obstojne in zdravju ne\u0161kodljive (Wilhelm Imaging Research \u2013 papir Canon Heavyweight Coated Paper, barvna stabilnost ve\u010d kot 100 let).<\/p>\n\n\n\n<p>Z inkjet tiskalniki, ki uporabljajo raz\u0161irjeno paleto barv, lahko natisnemo fotografije, ki so barvne veliko bolj nasi\u010dene, kot slike, ki so razvite v foto studijih ali natisnjene na klasi\u010dnem digitalnem tisku (npr. foto knjige).<\/p>\n\n\n\n<p>Najve\u010djo \u0161irina tiska je 150 cm in dol\u017eina 3.000 cm.<\/p>\n<\/div>\n\n\n\n<div class=\"wp-block-column is-layout-flow wp-block-column-is-layout-flow\" style=\"flex-basis:33.33%\">\n<figure class=\"wp-block-image size-full\"><img loading=\"lazy\" decoding=\"async\" width=\"590\" height=\"401\" src=\"https:\/\/www.artbutik.si\/wp-content\/uploads\/2022\/05\/tiskFoto.jpg\" alt=\"\" class=\"wp-image-1042\" srcset=\"https:\/\/www.artbutik.si\/wp-content\/uploads\/2022\/05\/tiskFoto.jpg 590w, https:\/\/www.artbutik.si\/wp-content\/uploads\/2022\/05\/tiskFoto-400x272.jpg 400w, https:\/\/www.artbutik.si\/wp-content\/uploads\/2022\/05\/tiskFoto-367x249.jpg 367w\" sizes=\"auto, (max-width: 590px) 100vw, 590px\" \/><\/figure>\n<\/div>\n<\/div>\n","protected":false},"excerpt":{"rendered":"<p>TISK NA FOTO PAPIR \u017delite iz va\u0161ih digitalnih fotografij iztisniti vse najmanj\u0161e podrobnosti in najlep\u0161e barve na najbolj\u0161i mo\u017eni na\u010din? Bi \u017eeleli ogromno pove\u010davo? Preko e-po\u0161te nam po\u0161ljite fotografijo, pripi\u0161ite \u017eeljeno velikost in izgled papirja (mat, polsijaj, sijaj), mi pa bomo poskrbeli, da bo va\u0161a fotografija izgledala super dobro! Za tisk fotografij uporabljamo InkJet tiskalnike [&hellip;]<\/p>\n","protected":false},"author":1,"featured_media":0,"parent":1036,"menu_order":2,"comment_status":"closed","ping_status":"closed","template":"","meta":{"footnotes":""},"class_list":["post-1041","page","type-page","status-publish","hentry"],"acf":[],"_links":{"self":[{"href":"https:\/\/www.artbutik.si\/en\/wp-json\/wp\/v2\/pages\/1041","targetHints":{"allow":["GET"]}}],"collection":[{"href":"https:\/\/www.artbutik.si\/en\/wp-json\/wp\/v2\/pages"}],"about":[{"href":"https:\/\/www.artbutik.si\/en\/wp-json\/wp\/v2\/types\/page"}],"author":[{"embeddable":true,"href":"https:\/\/www.artbutik.si\/en\/wp-json\/wp\/v2\/users\/1"}],"replies":[{"embeddable":true,"href":"https:\/\/www.artbutik.si\/en\/wp-json\/wp\/v2\/comments?post=1041"}],"version-history":[{"count":1,"href":"https:\/\/www.artbutik.si\/en\/wp-json\/wp\/v2\/pages\/1041\/revisions"}],"predecessor-version":[{"id":1043,"href":"https:\/\/www.artbutik.si\/en\/wp-json\/wp\/v2\/pages\/1041\/revisions\/1043"}],"up":[{"embeddable":true,"href":"https:\/\/www.artbutik.si\/en\/wp-json\/wp\/v2\/pages\/1036"}],"wp:attachment":[{"href":"https:\/\/www.artbutik.si\/en\/wp-json\/wp\/v2\/media?parent=1041"}],"curies":[{"name":"wp","href":"https:\/\/api.w.org\/{rel}","templated":true}]}}