{"id":1044,"date":"2022-05-02T21:01:23","date_gmt":"2022-05-02T21:01:23","guid":{"rendered":"https:\/\/www.artbutik.si\/?page_id=1044"},"modified":"2022-05-02T21:58:30","modified_gmt":"2022-05-02T21:58:30","slug":"1044-2","status":"publish","type":"page","link":"https:\/\/www.artbutik.si\/en\/tisk\/1044-2\/","title":{"rendered":"Tisk umetni\u0161kih del"},"content":{"rendered":"\n<h1 class=\"wp-block-heading\">TISK FINEART UMETNI\u0160KIH GRAFIK \u2013 GICL\u00c9E<\/h1>\n\n\n\n<div class=\"wp-block-columns is-layout-flex wp-container-core-columns-is-layout-9d6595d7 wp-block-columns-is-layout-flex\">\n<div class=\"wp-block-column is-layout-flow wp-block-column-is-layout-flow\" style=\"flex-basis:70%\">\n<p>Beseda \u201cgicl\u00e9e\u201d izhaja iz francoskega jezika in pomeni \u0161kropiti ali brizgati.<\/p>\n\n\n\n<p>Gicl\u00e9e tehnika izdelovanja grafik temelji na digitalnih zapisih umetni\u0161kih del, ki so natisnjena s profesionalnimi ink-jet tiskalniki in ima veliko prednosti pred starej\u0161imi tehnikami tiska. Z ink-jet digitalni tiskalniki je mogo\u010de natisniti oz. \u201cbrizgati\u201d obse\u017eno in barvno bogato grafiko, ki jo je s prostim o\u010desom hitro mogo\u010de zamenjati z originalnim umetni\u0161kim delom. V primerjavi z drugimi digitalnimi tehnikami tiska (UV tisk, solventni tisk, \u2026) je gicl\u00e9e tehnika tiska najbolj realna in skoraj identi\u010dna originalu. Za najbolj\u0161o kvaliteto gicl\u00e9e grafike so tudi zelo pomembne vrhunska digitalizacija originala, primerna barvna obdelava ter tisk grafike na posebne umetni\u0161ke papirje.<\/p>\n\n\n\n<p>Mo\u017enost izdelave gicl\u00e9e grafik je nadvse primerna za vse umetnike, ki \u017eelijo svoja originalna umetni\u0161ka dela nadgraditi z manj\u0161im ali ve\u010djim \u0161tevilom grafik razli\u010dnih dimenzij. Vedno ve\u010dje \u0161tevilo gicl\u00e9e grafik je mogo\u010de opaziti tudi v posameznih galerijah in muzejih, saj se z lahkoto kvalificirajo med muzejske standarde.<\/p>\n\n\n\n<p>Za tisk gicl\u00e9e grafik uporabljamo InkJet tiskalnike z raz\u0161irjeno paleto barv ter zelo visoko lo\u010dljivostjo tiska 1200\u00d72400 dpi. Z dvanajstimi razli\u010dnimi barvami lahko natisnemo izjemno barvno bogate slike. Uporabljamo pigmentne barve, ki so zelo obstojne in zdravju ne\u0161kodljive. Ob lepih podobah bodo tako lahko u\u017eivali tudi na\u0161i vnuki, ter njihovi otroci (Wilhelm Imaging Research \u2013 papir Canon Heavyweight Coated Paper, barvna stabilnost ve\u010d kot 100 let). Najve\u010djo \u0161irina tiska je 150 cm in dol\u017eina 3.000 cm..<\/p>\n<\/div>\n\n\n\n<div class=\"wp-block-column is-layout-flow wp-block-column-is-layout-flow\" style=\"flex-basis:30%\">\n<figure class=\"wp-block-image size-full is-style-default borderAround\"><img loading=\"lazy\" decoding=\"async\" width=\"335\" height=\"302\" src=\"https:\/\/www.artbutik.si\/wp-content\/uploads\/2022\/05\/PolonaLicen.jpg\" alt=\"\" class=\"wp-image-1045\"\/><figcaption><em><strong>Polona Kunaver Li\u010den-Najin dan<\/strong><\/em><br><em>Giclee grafika \u010dedalje bolj nadome\u0161\u010da klasi\u010dne grafike, saj je postopek izdelave veliko bolj natan\u010den, enostaven in nudi nove kreativne mo\u017enosti.<\/em><\/figcaption><\/figure>\n<\/div>\n<\/div>\n","protected":false},"excerpt":{"rendered":"<p>TISK FINEART UMETNI\u0160KIH GRAFIK \u2013 GICL\u00c9E Beseda \u201cgicl\u00e9e\u201d izhaja iz francoskega jezika in pomeni \u0161kropiti ali brizgati. Gicl\u00e9e tehnika izdelovanja grafik temelji na digitalnih zapisih umetni\u0161kih del, ki so natisnjena s profesionalnimi ink-jet tiskalniki in ima veliko prednosti pred starej\u0161imi tehnikami tiska. Z ink-jet digitalni tiskalniki je mogo\u010de natisniti oz. \u201cbrizgati\u201d obse\u017eno in barvno bogato [&hellip;]<\/p>\n","protected":false},"author":1,"featured_media":0,"parent":1036,"menu_order":1,"comment_status":"closed","ping_status":"closed","template":"","meta":{"footnotes":""},"class_list":["post-1044","page","type-page","status-publish","hentry"],"acf":[],"_links":{"self":[{"href":"https:\/\/www.artbutik.si\/en\/wp-json\/wp\/v2\/pages\/1044","targetHints":{"allow":["GET"]}}],"collection":[{"href":"https:\/\/www.artbutik.si\/en\/wp-json\/wp\/v2\/pages"}],"about":[{"href":"https:\/\/www.artbutik.si\/en\/wp-json\/wp\/v2\/types\/page"}],"author":[{"embeddable":true,"href":"https:\/\/www.artbutik.si\/en\/wp-json\/wp\/v2\/users\/1"}],"replies":[{"embeddable":true,"href":"https:\/\/www.artbutik.si\/en\/wp-json\/wp\/v2\/comments?post=1044"}],"version-history":[{"count":7,"href":"https:\/\/www.artbutik.si\/en\/wp-json\/wp\/v2\/pages\/1044\/revisions"}],"predecessor-version":[{"id":1077,"href":"https:\/\/www.artbutik.si\/en\/wp-json\/wp\/v2\/pages\/1044\/revisions\/1077"}],"up":[{"embeddable":true,"href":"https:\/\/www.artbutik.si\/en\/wp-json\/wp\/v2\/pages\/1036"}],"wp:attachment":[{"href":"https:\/\/www.artbutik.si\/en\/wp-json\/wp\/v2\/media?parent=1044"}],"curies":[{"name":"wp","href":"https:\/\/api.w.org\/{rel}","templated":true}]}}