{"id":1090,"date":"2022-05-03T17:23:16","date_gmt":"2022-05-03T17:23:16","guid":{"rendered":"https:\/\/www.artbutik.si\/?page_id=1090"},"modified":"2022-05-03T17:23:17","modified_gmt":"2022-05-03T17:23:17","slug":"zasebnost-in-piskotki","status":"publish","type":"page","link":"https:\/\/www.artbutik.si\/en\/zasebnost-in-piskotki\/","title":{"rendered":"Zasebnost in pi\u0161kotki"},"content":{"rendered":"\n<p>Pravilnik o zasebnosti dolo\u010da, kako spletna stran (v nadaljnjem besedilu &#8220;trgovina&#8221;) uporablja in \u0161\u010diti vse informacije, ki jih&nbsp;posredujete, medtem ko uporabljate trgovino.<\/p>\n\n\n\n<h2 class=\"wp-block-heading\">Kak\u0161ne podatke zbiramo?<\/h2>\n\n\n\n<ul class=\"wp-block-list\"><li><strong>identifikacijski podatki<\/strong>, ki obsegajo predvsem ime in priimek, uporabni\u0161ko ime in geslo ter ID za DDV, \u010de ste pravna oseba;<\/li><li><strong>kontaktni podatki<\/strong>, ki obsegajo osebne podatke, s pomo\u010djo katerih lahko stopimo v stik z vami, predvsem e-naslov, telefonsko \u0161tevilko, naslov za dostavo, naslov za ra\u010dun;<\/li><li><strong>va\u0161e nastavitve<\/strong>, ki obsegajo podatke o va\u0161em ra\u010dunu, predvsem shranjene naslove za dostavo, profile, naro\u010dila na novice, nakupovalne sezname, iskane izdelke, va\u0161e ocene in komentarje o izdelkih in storitvah;<\/li><li><strong>podatke o va\u0161ih naro\u010dilih<\/strong>, ki obsegajo predvsem podatke o naro\u010denih izdelkih in na\u010dinu pla\u010dila, vklju\u010dno s \u0161tevilko ban\u010dnega ra\u010duna, ter podatke o reklamacijah;<\/li><li><strong>podatke o va\u0161ih spletnih navadah<\/strong>, vklju\u010dno s primeri, ko po spletu brskate preko na\u0161e mobilne aplikacije, predvsem podatke o izdelkih in storitvah, ki jih i\u0161\u010dete, povezavah, na katere klikate, na\u010dinu iskanja in pomikanja po na\u0161i spletni strani in podatke o napravah, s katerih dostopate do spleta, kot so IP naslov in z njim povezana lokacija, ID naprave, njeni tehni\u010dni parametri, kot je operacijski sistem, razli\u010dica, lo\u010dljivost zaslona, izbrani brskalnik in razli\u010dica le-tega ter podatke, pridobljene iz pi\u0161kotkov in podobnih tehnologij za prepoznavanje naprav;<\/li><li><strong>podatke o va\u0161em vedenju v povezavi z branjem sporo\u010dil<\/strong>, ki vam jih po\u0161iljamo, predvsem \u010das, potreben za odprtje sporo\u010dila in podatke o napravah s katerih dostopate do spleta, kot so IP naslov in z njim povezana lokacija, ID naprave, njeni tehni\u010dni parametri, kot je operacijski sistem, razli\u010dica, lo\u010dljivost zaslona, izbrani brskalnik in razli\u010dica le-tega;<\/li><li><strong>izpeljane podatke<\/strong>, med katere sodijo osebni podatki, pridobljeni iz va\u0161ih nastavitev, podatki o izdelkih, ki jih pri nas kupite, podatki o va\u0161ih spletnih navadah in vedenju v povezavi z branjem sporo\u010dil, ki vam jih po\u0161iljamo; gre predvsem za podatke o spolu, starosti, potro\u0161ni\u0161kih navadah in odnosu do razli\u010dnih artiklov in storitev<\/li><\/ul>\n\n\n\n<h2 class=\"wp-block-heading\">Kaj delamo z zbranimi podatki<\/h2>\n\n\n\n<p>Podatke zbiramo za la\u017eje razumevanje va\u0161ih \u017eelja, ter da vam lahko zagotovimo bolj\u0161o uporabni\u0161ko izku\u0161njo. Podatkov brez va\u0161ega privoljenja ne posredujemo tretjim osebam, razen v primeru, ko to od nas zahteva zakon.<\/p>\n\n\n\n<h2 class=\"wp-block-heading\">Varnost<\/h2>\n\n\n\n<p>Skrbimo, da so va\u0161i podatki shranjeni varno in niso dostopni nepoobla\u0161\u010denim osebam.<\/p>\n\n\n\n<h2 class=\"wp-block-heading\">Kako uporabljamo pi\u0161kotke<\/h2>\n\n\n\n<p>Pi\u0161kotek je majhna datoteka, ki se z va\u0161im privoljenjem zapi\u0161e v va\u0161 brskalnik. Datoteka skrbi za la\u017ejo komunikacijo med va\u0161im brskalnikom in na\u0161o trgovino. Brskalnik se tako lahko predstavi kot individualna oseba, izpis spletne strani pa je tako ob ponovnem obisku prilagojen va\u0161im \u017eeljam.<\/p>\n\n\n\n<p>Pi\u0161kotki zbirajo dolo\u010dene informacije o va\u0161em obisku trgovine. Omogo\u010dajo nam, da lahko zagotovimo delovanje vseh funkcij trgovine, dolo\u010dene vsebine prilagodimo posebej za vas in z analizo obiska lahko trgovino izbolj\u0161ujemo.<\/p>\n\n\n\n<p>Pi\u0161kotki nam v nobenem primeru ne omogo\u010dajo dostopa do va\u0161ega ra\u010dunalnika in va\u0161ih datotek.<\/p>\n\n\n\n<p>Lahko jih sprejmete ali odklonite. V slednjem primeru se lahko zgodi, da bodo okrnjene nekatere funkcije trgovine.<\/p>\n\n\n\n<h2 class=\"wp-block-heading\">Povezave do drugih spletnih strani<\/h2>\n\n\n\n<p>Trgovina lahko vsebuje povezave na druge spletne strani, kjer nimamo nobenega nadzora nad npr. uporabo spletnih pi\u0161kotkov. Tako ne moremo prevzeti nobene odgovornosti nad varovanjem katerihkoli podatkov, ki jih posredujete. V kolikor ste v skrbeh, priporo\u010damo, da vedno preverite varnostno politiko obiskanih spletnih straneh.<\/p>\n\n\n\n<h2 class=\"wp-block-heading\"><a><\/a>Spisek pi\u0161kotkov, ki jih uporabljamo<\/h2>\n\n\n\n<p>Tabela prikazuje spisek pi\u0161kotkov, ki jih uporabljamo in kaj je v njih zapisano.<\/p>\n\n\n\n<figure class=\"wp-block-table\"><table><thead><tr><th>Ime pi\u0161kotka<\/th><th>Opis funkcije<\/th><\/tr><\/thead><tbody><tr><th>FORM_KEY<\/th><td>Shranjuje naklju\u010dno generiran klju\u010d za pove\u010danje varnosti komunikacije s stre\u017enikom.<\/td><\/tr><tr><th>PHPSESSID<\/th><td>Va\u0161a identifikacijska \u0161tevilka seje na stre\u017eniku.<\/td><\/tr><tr><th>GUEST-VIEW<\/th><td>Omogo\u010da gostom, da si ogledajo in urejajo naro\u010dila.<\/td><\/tr><tr><th>PERSISTENT_SHOPPING_CART<\/th><td>Povezava na ko\u0161arico in zgodovino ogledanih izdelkov.<\/td><\/tr><tr><th>STF<\/th><td>Informacije o izdelkih, ki ste jih poslali prijateljem.<\/td><\/tr><tr><th>STORE<\/th><td>Izbrani ogled strani oz. jezikovne razli\u010dice.<\/td><\/tr><tr><th>USER_ALLOWED_SAVE_COOKIE<\/th><td>Ozna\u010duje, ali je uporabnik dovolil uporabo pi\u0161kotkov.<\/td><\/tr><tr><th>MAGE-CACHE-SESSID<\/th><td>Olaj\u0161a predpomnjenje vsebine v brskalniku za hitrej\u0161i prikaz strani.<\/td><\/tr><tr><th>MAGE-CACHE-STORAGE<\/th><td>Olaj\u0161a predpomnjenje vsebine v brskalniku za hitrej\u0161i prikaz strani.<\/td><\/tr><tr><th>MAGE-CACHE-STORAGE-SECTION-INVALIDATION<\/th><td>Olaj\u0161a predpomnjenje vsebine v brskalniku za hitrej\u0161i prikaz strani.<\/td><\/tr><tr><th>MAGE-CACHE-TIMEOUT<\/th><td>Olaj\u0161a predpomnjenje vsebine v brskalniku za hitrej\u0161i prikaz strani.<\/td><\/tr><tr><th>SECTION-DATA-IDS<\/th><td>Olaj\u0161a predpomnjenje vsebine v brskalniku za hitrej\u0161i prikaz strani.<\/td><\/tr><tr><th>PRIVATE_CONTENT_VERSION<\/th><td>Olaj\u0161a predpomnjenje vsebine v brskalniku za hitrej\u0161i prikaz strani.<\/td><\/tr><tr><th>X-MAGENTO-VARY<\/th><td>Olaj\u0161a predpomnjenje vsebine v brskalniku za hitrej\u0161i prikaz strani.<\/td><\/tr><tr><th>MAGE-TRANSLATION-FILE-VERSION<\/th><td>Omogo\u010da prevajanje vsebin v druge jezike.<\/td><\/tr><tr><th>MAGE-TRANSLATION-STORAGE<\/th><td>Omogo\u010da prevajanje vsebin v druge jezike.<\/td><\/tr><\/tbody><\/table><\/figure>\n","protected":false},"excerpt":{"rendered":"<p>Pravilnik o zasebnosti dolo\u010da, kako spletna stran (v nadaljnjem besedilu &#8220;trgovina&#8221;) uporablja in \u0161\u010diti vse informacije, ki jih&nbsp;posredujete, medtem ko uporabljate trgovino. Kak\u0161ne podatke zbiramo? identifikacijski podatki, ki obsegajo predvsem ime in priimek, uporabni\u0161ko ime in geslo ter ID za DDV, \u010de ste pravna oseba; kontaktni podatki, ki obsegajo osebne podatke, s pomo\u010djo katerih lahko [&hellip;]<\/p>\n","protected":false},"author":1,"featured_media":0,"parent":0,"menu_order":0,"comment_status":"closed","ping_status":"closed","template":"","meta":{"footnotes":""},"class_list":["post-1090","page","type-page","status-publish","hentry"],"acf":[],"_links":{"self":[{"href":"https:\/\/www.artbutik.si\/en\/wp-json\/wp\/v2\/pages\/1090","targetHints":{"allow":["GET"]}}],"collection":[{"href":"https:\/\/www.artbutik.si\/en\/wp-json\/wp\/v2\/pages"}],"about":[{"href":"https:\/\/www.artbutik.si\/en\/wp-json\/wp\/v2\/types\/page"}],"author":[{"embeddable":true,"href":"https:\/\/www.artbutik.si\/en\/wp-json\/wp\/v2\/users\/1"}],"replies":[{"embeddable":true,"href":"https:\/\/www.artbutik.si\/en\/wp-json\/wp\/v2\/comments?post=1090"}],"version-history":[{"count":1,"href":"https:\/\/www.artbutik.si\/en\/wp-json\/wp\/v2\/pages\/1090\/revisions"}],"predecessor-version":[{"id":1091,"href":"https:\/\/www.artbutik.si\/en\/wp-json\/wp\/v2\/pages\/1090\/revisions\/1091"}],"wp:attachment":[{"href":"https:\/\/www.artbutik.si\/en\/wp-json\/wp\/v2\/media?parent=1090"}],"curies":[{"name":"wp","href":"https:\/\/api.w.org\/{rel}","templated":true}]}}