{"id":1102,"date":"2022-05-04T06:10:44","date_gmt":"2022-05-04T06:10:44","guid":{"rendered":"https:\/\/www.artbutik.si\/?page_id=1102"},"modified":"2022-05-04T06:52:33","modified_gmt":"2022-05-04T06:52:33","slug":"hana-stupica","status":"publish","type":"page","link":"https:\/\/www.artbutik.si\/en\/hana-stupica\/","title":{"rendered":"Hana Stupica"},"content":{"rendered":"\n<div class=\"row\">\n\t  <div class=\"col-sm-2\">\n\t         <img decoding=\"async\" class=\"circle\" src=\"\/pub\/media\/content\/art\/StupicaHana\/StupicaHana.jpg\">\n\t\t\n\t<\/div>\n\t\t<div class=\"col-sm-10 addReadMore showmorecontent\">\n\t\t  Hana Stupica\n\t\t  Hano Stupica lahko upravi\u010deno \u0161tejemo za eno&nbsp;vodilnih sodobnih ustvarjalk ilustracije iz&nbsp;najmlaj\u0161e generacije. Njen izvirni likovni svet&nbsp;izhaja iz neomajne vere v mo\u010d domi\u0161ljije,&nbsp;soustvarjata pa ga tako bogata tradicija slovenske&nbsp;knji\u017ene ilustracije kot izku\u0161nja globalne spletn<span class=\"SecSec\">e&nbsp;umetnosti. Avtorica, ki je \u017ee s prvimi slikami&nbsp;posegla po najvi\u0161jih doma\u010dih priznanjih,&nbsp;nedvomno pripada&nbsp;\u00bbgenius saeculi\u00ab&nbsp;s preloma&nbsp;tiso\u010dletij in izraznim mo\u017enostim novih medijev \u2013&nbsp;predvsem filma, ra\u010dunalnika in medmre\u017eja. Te&nbsp;pametne naprave in novi na\u010dini komunikacije bolj&nbsp;kot se morda zdi na prvi pogled vplivajo na&nbsp;splo\u0161no podobo in razvoj ilustracije danes. Zaradi&nbsp;lahko dostopne tehnologije in poenostavljenega&nbsp;na\u010dina grafi\u010dnega oblikovanja so se posebnosti&nbsp;razli\u010dnih avtorskih poetik in celo kultur pri\u010deli&nbsp;izgubljati v talilnem loncu univerzalizma.&nbsp;&nbsp;Hana&nbsp;Stupica je med redkimi, ki se ji je uspelo ogniti tej&nbsp;pasti. Njene podobe so od vsega za\u010detka izrazito&nbsp;avtorske, kar moramo najbr\u017e v veliki meri&nbsp;pripisati klasi\u010dni izobrazbi in obvladovanju&nbsp;metjeja barvne risbe. Seveda ima vpliv tudi&nbsp;osebna dedi\u0161\u010dina \u2013 mlada umetnica prihaja iz&nbsp;znane slikarske dru\u017eine z dvema izjemnima&nbsp;ilustratorkama, vendar ne toliko v samih&nbsp;formalnih in estetskih vzorih, temve\u010d predvsem v&nbsp;odnosu do medija ilustracije in na\u010dina uporabe&nbsp;likovnih izrazil.\n\t\t  Ne glede na namen ilustracije, naj gre za&nbsp;upodobitve starih pravljic, likov, namenjenih za&nbsp;aplikacije na povsem uporabnih predmetih ali pa&nbsp;trenutni osebni navdih brez razloga, Hana Stupica&nbsp;v obravnavi junakov, zlasti \u017eivali, ki imajo v&nbsp;njenem svetu posebno mesto, ne dela razlik. Z&nbsp;osupljivo natan\u010dnostjo se loteva vseh detajlov,&nbsp;draperij na obla\u010dilih, naborkov, \u010dipk, ovratnikov,&nbsp;pentelj in drugih modnih in statusnih dodatkov, ki&nbsp;skupaj z barvo ustvarjajo razko\u0161no kostumografijo&nbsp;in scenografijo, zna\u010dilno za njene slikovite,&nbsp;monumentalno delujo\u010de, \u010deprav po formatih&nbsp;ve\u010dinoma manj\u0161e formate. Osrednji liki so doma\u010de&nbsp;in divje \u017eivali, ki jih slikarka vedno poosebi, \u0161e&nbsp;ve\u010d, so metafore, vsaka ima svoj zna\u010daj in po&nbsp;lastnostih velikokrat zelo spominjajo na \u010dlove\u0161ke&nbsp;navade in razvade. So sme\u0161ne, stra\u0161ljive,&nbsp;duhovite, dekadentne, rade zleknjene na&nbsp;kanapejih s cigaro in pija\u010do, posajene v zabavno&nbsp;omizje, prebrisane, pa neskon\u010dno \u017ealostne.&nbsp;Sanjarije Hane Stupica zato prina\u0161ajo tako daljne&nbsp;reminiscence na klasi\u010dne pravljice iz&nbsp;romanti\u010dnega 19. stoletja, obenem pa&nbsp;ikonografske vzorce sodobnih urbanih mitov iz&nbsp;stripa in animiranega filma. Oboje zmore&nbsp;povezovati lepoto in grozljivost, ne\u017enost in&nbsp;krutost, spro\u0161\u010den humor in nepredvidljivo&nbsp;dramati\u010dnost, predvsem pa duhovit umetni\u0161ki&nbsp;odsev prostora in \u010dasa, ki ga Hana Stupica do\u017eivlja&nbsp;kot izjemno senzibilna in nadarjena ustvarjalka.\n\t\t  Judita Krivec Dragan\nHana Stupica se je rodila leta 1988 v Ljubljani. Uspe\u0161no je kon\u010dala Likovno gimnazijo, Srednjo \u0161olo za oblikovanje in fotografijo v Ljubljani (2006), nato se je vpisala na Akademijo za likovno umetnost in oblikovanje v Ljubljani, kjer je leta 2016 diplomirala. Doslej je svoja dela razstavljala na razstavah doma in v tujini (Italija, Hrva\u0161ka &#8211; 6. hrvatski biennale ilustracije v Zagrebu). S svojimi ilustracijami se je udele\u017eila 10.,11. in 12. Slovenskega bienala ilustracij v Cankarjevem domu v Ljubljani (2012, 2014, 2016). Prvo samostojno razstavo je imela leta 2015 v Steklenem atriju Mestne hi\u0161e v Ljubljani.\n      <\/span><span class=\"readMore\" title=\"Click to Show More\"> &#8230; Read More<\/span><span class=\"readLess\" title=\"Click to Show Less\"> Read Less<\/span><\/div>\n\t\n  <\/div>\n","protected":false},"excerpt":{"rendered":"<p>Hana Stupica Hano Stupica lahko upravi\u010deno \u0161tejemo za eno&nbsp;vodilnih sodobnih ustvarjalk ilustracije iz&nbsp;najmlaj\u0161e generacije. Njen izvirni likovni svet&nbsp;izhaja iz neomajne vere v mo\u010d domi\u0161ljije,&nbsp;soustvarjata pa ga tako bogata tradicija slovenske&nbsp;knji\u017ene ilustracije kot izku\u0161nja globalne spletne&nbsp;umetnosti. Avtorica, ki je \u017ee s prvimi slikami&nbsp;posegla po najvi\u0161jih doma\u010dih priznanjih,&nbsp;nedvomno pripada&nbsp;\u00bbgenius saeculi\u00ab&nbsp;s preloma&nbsp;tiso\u010dletij in izraznim mo\u017enostim novih medijev \u2013&nbsp;predvsem [&hellip;]<\/p>\n","protected":false},"author":1,"featured_media":0,"parent":0,"menu_order":0,"comment_status":"closed","ping_status":"closed","template":"","meta":{"footnotes":""},"class_list":["post-1102","page","type-page","status-publish","hentry"],"acf":[],"_links":{"self":[{"href":"https:\/\/www.artbutik.si\/en\/wp-json\/wp\/v2\/pages\/1102","targetHints":{"allow":["GET"]}}],"collection":[{"href":"https:\/\/www.artbutik.si\/en\/wp-json\/wp\/v2\/pages"}],"about":[{"href":"https:\/\/www.artbutik.si\/en\/wp-json\/wp\/v2\/types\/page"}],"author":[{"embeddable":true,"href":"https:\/\/www.artbutik.si\/en\/wp-json\/wp\/v2\/users\/1"}],"replies":[{"embeddable":true,"href":"https:\/\/www.artbutik.si\/en\/wp-json\/wp\/v2\/comments?post=1102"}],"version-history":[{"count":3,"href":"https:\/\/www.artbutik.si\/en\/wp-json\/wp\/v2\/pages\/1102\/revisions"}],"predecessor-version":[{"id":1106,"href":"https:\/\/www.artbutik.si\/en\/wp-json\/wp\/v2\/pages\/1102\/revisions\/1106"}],"wp:attachment":[{"href":"https:\/\/www.artbutik.si\/en\/wp-json\/wp\/v2\/media?parent=1102"}],"curies":[{"name":"wp","href":"https:\/\/api.w.org\/{rel}","templated":true}]}}