{"id":226,"date":"2022-04-26T18:41:34","date_gmt":"2022-04-26T18:41:34","guid":{"rendered":"https:\/\/www.artbutik.si\/?page_id=226"},"modified":"2022-04-27T20:54:24","modified_gmt":"2022-04-27T20:54:24","slug":"skeniranje-umetniskih-del","status":"publish","type":"page","link":"https:\/\/www.artbutik.si\/en\/skeniranje\/skeniranje-umetniskih-del\/","title":{"rendered":"Skeniranje umetni\u0161kih del"},"content":{"rendered":"\n<h2 class=\"wp-block-heading\">Skeniranje umetni\u0161kih del<\/h2>\n\n\n\n<div class=\"wp-block-image\"><figure class=\"aligncenter size-full\"><img loading=\"lazy\" decoding=\"async\" width=\"1110\" height=\"390\" src=\"https:\/\/www.artbutik.si\/wp-content\/uploads\/2022\/04\/cruseScanning.jpg\" alt=\"\" class=\"wp-image-787\" srcset=\"https:\/\/www.artbutik.si\/wp-content\/uploads\/2022\/04\/cruseScanning.jpg 1110w, https:\/\/www.artbutik.si\/wp-content\/uploads\/2022\/04\/cruseScanning-768x270.jpg 768w, https:\/\/www.artbutik.si\/wp-content\/uploads\/2022\/04\/cruseScanning-1024x360.jpg 1024w, https:\/\/www.artbutik.si\/wp-content\/uploads\/2022\/04\/cruseScanning-640x225.jpg 640w, https:\/\/www.artbutik.si\/wp-content\/uploads\/2022\/04\/cruseScanning-400x141.jpg 400w, https:\/\/www.artbutik.si\/wp-content\/uploads\/2022\/04\/cruseScanning-367x129.jpg 367w, https:\/\/www.artbutik.si\/wp-content\/uploads\/2022\/04\/cruseScanning-600x211.jpg 600w\" sizes=\"auto, (max-width: 1110px) 100vw, 1110px\" \/><\/figure><\/div>\n\n\n\n<p>Umetni\u0161ke slike skeniramo s skenerjem Cruse, saj nam le-ta omogo\u010da, da je skenirana slika najbolj podobna originalu. Skeniramo lahko uokvirjene in zastekljene slike ter slike z reliefi do 30 cm (12 cm globinske ostrine). Z najbolj\u0161o tehnologijo in izobra\u017eevanjem na podro\u010dju barvnega upravljanja smo dosegli, da lahko danes izdelamo najbolj natan\u010dne reprodukcije umetni\u0161kih slik. Kon\u010dni izgled natisnjene reprodukcije je tako pristen, da lahko \u0161ele s tipanjem lo\u010dite original od kopije. Natisnjena slika namre\u010d nima reliefa, opti\u010dno pa vseeno daje ob\u010dutek reliefnosti. Ne verjamete? Oglasite se v na\u0161i galeriji in se pustite presenetiti.<\/p>\n\n\n\n<h1 class=\"wp-block-heading\">Dober izpis se za\u010dne z dobrim skenom<\/h1>\n\n\n\n<p>Originali, ki jih shranimo v digitalno obliko, se s \u010dasom ne starajo. Spravljeni so v tako imenovano \u010dasovno kapsulo. Digitalno vsebino lahko uporabimo za izdelavo reprodukcij, arhiv ter za prikaz umetni\u0161kih del v raznih tiskanih in digitalnih katalogih. Za digitalizacijo uporabljamo svetovno izredno cenjen skener Cruse.<\/p>\n\n\n\n<p>Zagotavljamo, da je to edini na\u010din, ki omogo\u010da, da je kopija najbolj podobna originalu.<\/p>\n\n\n\n<div class=\"wp-block-columns is-not-stacked-on-mobile is-layout-flex wp-container-core-columns-is-layout-9d6595d7 wp-block-columns-is-layout-flex\">\n<div class=\"wp-block-column is-layout-flow wp-block-column-is-layout-flow\" style=\"flex-basis:66.66%\">\n<h1 class=\"wp-block-heading\">Cruse sken \u2013 revolucija na podro\u010dju skeniranja<\/h1>\n\n\n\n<ul class=\"wp-block-list\"><li>opti\u010dna lo\u010dljivost zajemanja do 300 miljonov to\u010dk (fotoaparati le 10-30 miljonov),<\/li><li>najve\u010dja velikost orignala 150 x 110 cm, ve\u010dje originale skeniramo v ve\u010dih prehodih,<\/li><li>ohrani se 3D ob\u010dutek originala,<\/li><li>s posebnim na\u010dinom skeniranja lahko izni\u010dimo sence pri prepogibih in zme\u010dkaninah,<\/li><li>original je lahko zastekljen in uokvirjen,<\/li><li>enakomerna ostrina in osvetlitev od roba do roba zajema,<\/li><li>razli\u010dni na\u010dini pritrditve originala \u2013 vakuum, magnetni trakovi, steklena plo\u0161\u010da,<\/li><li>ne\u0161kodljiva hladna osvetlitev,<\/li><li>povr\u0161ina skeniranja ni v kontaktu s skenerjem \u2013 primerno za ob\u010dutljive in mehke originale,<\/li><li>napredno barvno upravljanje (ICC) \u2013 zagotovimo enake barve kot so na originalu,<\/li><li>debelina do 30 cm, globinska ostrina 12 cm,<\/li><li>te\u017ea originala najve\u010d 70 kg.<\/li><\/ul>\n<\/div>\n\n\n\n<div class=\"wp-block-column is-layout-flow wp-block-column-is-layout-flow\" style=\"flex-basis:33.33%\">\n<figure class=\"wp-block-image size-large is-resized\"><img loading=\"lazy\" decoding=\"async\" src=\"https:\/\/www.artbutik.si\/wp-content\/uploads\/2022\/04\/cruseFront-683x1024.jpg\" alt=\"\" class=\"wp-image-783\" width=\"455\" height=\"682\" srcset=\"https:\/\/www.artbutik.si\/wp-content\/uploads\/2022\/04\/cruseFront-400x600.jpg 400w, https:\/\/www.artbutik.si\/wp-content\/uploads\/2022\/04\/cruseFront-367x550.jpg 367w\" sizes=\"auto, (max-width: 455px) 100vw, 455px\" \/><\/figure>\n<\/div>\n<\/div>\n\n\n\n<h2 class=\"wp-block-heading\">Razli\u010dni na\u010dini osvetlitve<\/h2>\n\n\n\n<div class=\"wp-block-columns is-layout-flex wp-container-core-columns-is-layout-9d6595d7 wp-block-columns-is-layout-flex\">\n<div class=\"wp-block-column is-layout-flow wp-block-column-is-layout-flow\">\n<figure class=\"wp-block-image size-full\"><img loading=\"lazy\" decoding=\"async\" width=\"300\" height=\"427\" src=\"https:\/\/www.artbutik.si\/wp-content\/uploads\/2022\/04\/cruseModesLR.jpg\" alt=\"\" class=\"wp-image-785\"\/><\/figure>\n\n\n\n<h4 class=\"wp-block-heading\">LR na\u010din skeniranja<\/h4>\n\n\n\n<p>Pri LR na\u010dinu digitalizacije osvetlimo podobo z leve in desne strani. Od tod tudi ime \u2013 Left Right. S tem odpravimo sence, ki bi druga\u010de nastale pri digitalizaciji reliefnih podob. Zaradi ve\u010dje osvetlitve poteka digitalizacija v tem na\u010dinu najhitreje in je tako tudi cenovno najugodnej\u0161a.LR na\u010din priporo\u010damo: za podobe, kjer ni reliefa, za podobe, kjer ne \u017eelimo zajeti ob\u010dutka reliefnosti, saj se v tem na\u010dinu izgubijo \u201cmote\u010de\u201d sence. To nam \u0161e posebej koristi pri digitalizaciji zemljevidov ali zgubanih materialov, kjer bi nas sence motile.<\/p>\n<\/div>\n\n\n\n<div class=\"wp-block-column is-layout-flow wp-block-column-is-layout-flow\">\n<figure class=\"wp-block-image size-full\"><img loading=\"lazy\" decoding=\"async\" width=\"300\" height=\"427\" src=\"https:\/\/www.artbutik.si\/wp-content\/uploads\/2022\/04\/cruseModesLTx.jpg\" alt=\"\" class=\"wp-image-786\"\/><\/figure>\n\n\n\n<h4 class=\"wp-block-heading\">LTx na\u010din skeniranja<\/h4>\n\n\n\n<p>Pri LTx na\u010dinu digitalizacije osvetlimo podobo samo iz leve strani. Na sliki se pojavijo sence, ki padajo pod kotom 90\u00b0 kar daje ob\u010dutek delne izbo\u010denosti oz. reliefnosti slike. Ob\u010dutek ni tako izrazit kot pri skeniranju v LA na\u010dinu, je pa kompromis, kadar \u017eelimo cenovno ugodnej\u0161e skeniranje. POZOR! Slika je osvetljena le iz ene strani, zato ni vseeno kako jo postavimo na skener. Npr. ali \u017eelimo, da senca pada od zgoraj navzdol, ali pa iz leve proti desni. LTx na\u010din priporo\u010damo za slike, kjer \u017eelimo le delno poudariti strukturo slike.<\/p>\n<\/div>\n\n\n\n<div class=\"wp-block-column is-layout-flow wp-block-column-is-layout-flow\">\n<figure class=\"wp-block-image size-full\"><img loading=\"lazy\" decoding=\"async\" width=\"300\" height=\"427\" src=\"https:\/\/www.artbutik.si\/wp-content\/uploads\/2022\/04\/cruseModesLA.jpg\" alt=\"\" class=\"wp-image-784\"\/><\/figure>\n\n\n\n<h4 class=\"wp-block-heading\">LA na\u010din skeniranja<\/h4>\n\n\n\n<p>Pri LA na\u010dinu digitalizacije osvetlimo podobo z leve strani ter uporabimo nastavitev, ki svetlobo razpr\u0161i pod kotom 45\u00b0. Na sliki se pojavijo sence, kar daje ob\u010dutek izbo\u010denosti oz. reliefnosti slike. Natisnjena podoba je tako prepri\u010dljiva, da nas o ne-reliefnosti tiskovine prepri\u010da \u0161ele dotikanje.LA na\u010din priporo\u010damo za slike, kjer \u017eelimo poudariti strukturo slike, kjer \u017eelimo teksturo platna ali reliefnost umetni\u0161kega papirja natisniti na navaden nestrukturiran papir, za digitalizacijo tekstur, ki jih \u017eelimo natisniti na ravne ne-reliefne povr\u0161ine (npr. kerami\u010dne plo\u0161\u010dice, laminat). Cruse skeniranje v LA na\u010dinu<\/p>\n<\/div>\n<\/div>\n","protected":false},"excerpt":{"rendered":"<p>Skeniranje umetni\u0161kih del Umetni\u0161ke slike skeniramo s skenerjem Cruse, saj nam le-ta omogo\u010da, da je skenirana slika najbolj podobna originalu. Skeniramo lahko uokvirjene in zastekljene slike ter slike z reliefi do 30 cm (12 cm globinske ostrine). Z najbolj\u0161o tehnologijo in izobra\u017eevanjem na podro\u010dju barvnega upravljanja smo dosegli, da lahko danes izdelamo najbolj natan\u010dne reprodukcije [&hellip;]<\/p>\n","protected":false},"author":1,"featured_media":0,"parent":218,"menu_order":0,"comment_status":"closed","ping_status":"closed","template":"","meta":{"footnotes":""},"class_list":["post-226","page","type-page","status-publish","hentry"],"acf":[],"_links":{"self":[{"href":"https:\/\/www.artbutik.si\/en\/wp-json\/wp\/v2\/pages\/226","targetHints":{"allow":["GET"]}}],"collection":[{"href":"https:\/\/www.artbutik.si\/en\/wp-json\/wp\/v2\/pages"}],"about":[{"href":"https:\/\/www.artbutik.si\/en\/wp-json\/wp\/v2\/types\/page"}],"author":[{"embeddable":true,"href":"https:\/\/www.artbutik.si\/en\/wp-json\/wp\/v2\/users\/1"}],"replies":[{"embeddable":true,"href":"https:\/\/www.artbutik.si\/en\/wp-json\/wp\/v2\/comments?post=226"}],"version-history":[{"count":9,"href":"https:\/\/www.artbutik.si\/en\/wp-json\/wp\/v2\/pages\/226\/revisions"}],"predecessor-version":[{"id":800,"href":"https:\/\/www.artbutik.si\/en\/wp-json\/wp\/v2\/pages\/226\/revisions\/800"}],"up":[{"embeddable":true,"href":"https:\/\/www.artbutik.si\/en\/wp-json\/wp\/v2\/pages\/218"}],"wp:attachment":[{"href":"https:\/\/www.artbutik.si\/en\/wp-json\/wp\/v2\/media?parent=226"}],"curies":[{"name":"wp","href":"https:\/\/api.w.org\/{rel}","templated":true}]}}