{"id":773,"date":"2022-04-27T20:30:44","date_gmt":"2022-04-27T20:30:44","guid":{"rendered":"https:\/\/www.artbutik.si\/?page_id=773"},"modified":"2022-05-02T20:16:06","modified_gmt":"2022-05-02T20:16:06","slug":"skeniranje-nacrtov-zemljevidov","status":"publish","type":"page","link":"https:\/\/www.artbutik.si\/en\/skeniranje\/skeniranje-nacrtov-zemljevidov\/","title":{"rendered":"Skeniranje na\u010drtov, zemljevidov"},"content":{"rendered":"\n<div class=\"wp-block-columns is-not-stacked-on-mobile is-layout-flex wp-container-core-columns-is-layout-9d6595d7 wp-block-columns-is-layout-flex\">\n<div class=\"wp-block-column is-layout-flow wp-block-column-is-layout-flow\" style=\"flex-basis:66.66%\">\n<h2 class=\"wp-block-heading\">Skeniranje na\u010drtov, zemljevidov<\/h2>\n\n\n\n<p>Edinstven na\u010din skeniranja nam omogo\u010da, da se pri zme\u010dkanih zemljevidih znebimo mote\u010dih senc.<\/p>\n\n\n\n<p>Original med postopkom skeniranja pritrdimo z vakuumom ali posebnimi magnetnimi trakovi. Povr\u0161ina skeniranja ni nikoli v stiku s skenerjem, zato je na\u0161 na\u010din skeniranja primeren tudi za ob\u010dutljivej\u0161e originale. <\/p>\n<\/div>\n\n\n\n<div class=\"wp-block-column is-layout-flow wp-block-column-is-layout-flow\" style=\"flex-basis:33.33%\">\n<figure class=\"wp-block-image size-full\"><img loading=\"lazy\" decoding=\"async\" width=\"584\" height=\"406\" src=\"https:\/\/www.artbutik.si\/wp-content\/uploads\/2022\/04\/cruseZemljevid.jpg\" alt=\"\" class=\"wp-image-788\" srcset=\"https:\/\/www.artbutik.si\/wp-content\/uploads\/2022\/04\/cruseZemljevid.jpg 584w, https:\/\/www.artbutik.si\/wp-content\/uploads\/2022\/04\/cruseZemljevid-400x278.jpg 400w, https:\/\/www.artbutik.si\/wp-content\/uploads\/2022\/04\/cruseZemljevid-367x255.jpg 367w\" sizes=\"auto, (max-width: 584px) 100vw, 584px\" \/><figcaption><em>Sence, ki nastanejo pri prepogibih in zme\u010dkanih zemljevidih, lahko v postopku skeniranja izni\u010dimo<\/em><\/figcaption><\/figure>\n<\/div>\n<\/div>\n\n\n\n<p><\/p>\n","protected":false},"excerpt":{"rendered":"<p>Skeniranje na\u010drtov, zemljevidov Edinstven na\u010din skeniranja nam omogo\u010da, da se pri zme\u010dkanih zemljevidih znebimo mote\u010dih senc. Original med postopkom skeniranja pritrdimo z vakuumom ali posebnimi magnetnimi trakovi. Povr\u0161ina skeniranja ni nikoli v stiku s skenerjem, zato je na\u0161 na\u010din skeniranja primeren tudi za ob\u010dutljivej\u0161e originale.<\/p>\n","protected":false},"author":1,"featured_media":0,"parent":218,"menu_order":3,"comment_status":"closed","ping_status":"closed","template":"","meta":{"footnotes":""},"class_list":["post-773","page","type-page","status-publish","hentry"],"acf":[],"_links":{"self":[{"href":"https:\/\/www.artbutik.si\/en\/wp-json\/wp\/v2\/pages\/773","targetHints":{"allow":["GET"]}}],"collection":[{"href":"https:\/\/www.artbutik.si\/en\/wp-json\/wp\/v2\/pages"}],"about":[{"href":"https:\/\/www.artbutik.si\/en\/wp-json\/wp\/v2\/types\/page"}],"author":[{"embeddable":true,"href":"https:\/\/www.artbutik.si\/en\/wp-json\/wp\/v2\/users\/1"}],"replies":[{"embeddable":true,"href":"https:\/\/www.artbutik.si\/en\/wp-json\/wp\/v2\/comments?post=773"}],"version-history":[{"count":5,"href":"https:\/\/www.artbutik.si\/en\/wp-json\/wp\/v2\/pages\/773\/revisions"}],"predecessor-version":[{"id":1032,"href":"https:\/\/www.artbutik.si\/en\/wp-json\/wp\/v2\/pages\/773\/revisions\/1032"}],"up":[{"embeddable":true,"href":"https:\/\/www.artbutik.si\/en\/wp-json\/wp\/v2\/pages\/218"}],"wp:attachment":[{"href":"https:\/\/www.artbutik.si\/en\/wp-json\/wp\/v2\/media?parent=773"}],"curies":[{"name":"wp","href":"https:\/\/api.w.org\/{rel}","templated":true}]}}