{"id":710,"date":"2022-04-27T15:56:55","date_gmt":"2022-04-27T15:56:55","guid":{"rendered":"https:\/\/www.artbutik.si\/product\/fedora-sepavec\/"},"modified":"2022-04-27T17:08:37","modified_gmt":"2022-04-27T17:08:37","slug":"fedora-sepavec","status":"publish","type":"product","link":"https:\/\/www.artbutik.si\/en\/product\/fedora-sepavec\/","title":{"rendered":"Fedora, \u0160epavec"},"content":{"rendered":"","protected":false},"excerpt":{"rendered":"<p>Avtorsko podpisana gicl\u00e9e grafika reproducirana iz ro\u010dno narisanega originala. Natisnjena s pigmentnimi barvili na rahlo teksturiran arhivski 315g mat papir.<\/p>\n<div class=\"productDescriptionData\"> Velikost:<br \/>21&#215;29,7 cm (P), 20&#215;23 cm (M)<br \/>P &#8211; velikost papirja<br \/>M &#8211; velikost motiva<\/p>\n<p>Papir: Innova soft textured natural white 315g (arhivski)<br \/> Barvila: Canon 12-barvni lucia EX pigmenti &#8211; obstojnost 100 let<\/div>\n","protected":false},"featured_media":74,"template":"","meta":[],"product_brand":[],"product_cat":[31,30],"product_tag":[],"class_list":{"0":"post-710","1":"product","2":"type-product","3":"status-publish","4":"has-post-thumbnail","6":"product_cat-hana-stupica","7":"product_cat-umetniski-izdelki","9":"first","10":"instock","11":"taxable","12":"shipping-taxable","13":"purchasable","14":"product-type-simple"},"acf":[],"_links":{"self":[{"href":"https:\/\/www.artbutik.si\/en\/wp-json\/wp\/v2\/product\/710","targetHints":{"allow":["GET"]}}],"collection":[{"href":"https:\/\/www.artbutik.si\/en\/wp-json\/wp\/v2\/product"}],"about":[{"href":"https:\/\/www.artbutik.si\/en\/wp-json\/wp\/v2\/types\/product"}],"wp:featuredmedia":[{"embeddable":true,"href":"https:\/\/www.artbutik.si\/en\/wp-json\/wp\/v2\/media\/74"}],"wp:attachment":[{"href":"https:\/\/www.artbutik.si\/en\/wp-json\/wp\/v2\/media?parent=710"}],"wp:term":[{"taxonomy":"product_brand","embeddable":true,"href":"https:\/\/www.artbutik.si\/en\/wp-json\/wp\/v2\/product_brand?post=710"},{"taxonomy":"product_cat","embeddable":true,"href":"https:\/\/www.artbutik.si\/en\/wp-json\/wp\/v2\/product_cat?post=710"},{"taxonomy":"product_tag","embeddable":true,"href":"https:\/\/www.artbutik.si\/en\/wp-json\/wp\/v2\/product_tag?post=710"}],"curies":[{"name":"wp","href":"https:\/\/api.w.org\/{rel}","templated":true}]}}