{"id":723,"date":"2022-04-27T15:56:57","date_gmt":"2022-04-27T15:56:57","guid":{"rendered":"https:\/\/www.artbutik.si\/product\/rokavicka-merjasec\/"},"modified":"2022-05-04T06:08:16","modified_gmt":"2022-05-04T06:08:16","slug":"rokavicka-merjasec","status":"publish","type":"product","link":"https:\/\/www.artbutik.si\/en\/product\/rokavicka-merjasec\/","title":{"rendered":"Rokavi\u010dka, Merjasec"},"content":{"rendered":"","protected":false},"excerpt":{"rendered":"<p>Avtorsko podpisana gicl\u00e9e grafika reproducirana iz ro\u010dno narisanega originala. Natisnjena s pigmentnimi barvili na rahlo teksturiran arhivski 315g mat papir.<\/p>\n<div class=\"productDescriptionData\"> Velikost:<br \/>48&#215;28 cm (P), 40&#215;20 cm (M)<br \/>P &#8211; velikost papirja<br \/>M &#8211; velikost motiva<\/p>\n<p>Papir: Innova soft textured natural white 315g (arhivski)<br \/> Barvila: Canon 12-barvni lucia EX pigmenti &#8211; obstojnost 100 let<\/div>\n","protected":false},"featured_media":104,"template":"","meta":[],"product_brand":[],"product_cat":[31,30],"product_tag":[41,39,40,37,38],"class_list":{"0":"post-723","1":"product","2":"type-product","3":"status-publish","4":"has-post-thumbnail","6":"product_cat-hana-stupica","7":"product_cat-umetniski-izdelki","8":"product_tag-fineart-print","9":"product_tag-giclee","10":"product_tag-grafika","11":"product_tag-hana-stupica","12":"product_tag-stupica-hana","14":"first","15":"instock","16":"taxable","17":"shipping-taxable","18":"purchasable","19":"product-type-simple"},"acf":[],"_links":{"self":[{"href":"https:\/\/www.artbutik.si\/en\/wp-json\/wp\/v2\/product\/723","targetHints":{"allow":["GET"]}}],"collection":[{"href":"https:\/\/www.artbutik.si\/en\/wp-json\/wp\/v2\/product"}],"about":[{"href":"https:\/\/www.artbutik.si\/en\/wp-json\/wp\/v2\/types\/product"}],"wp:featuredmedia":[{"embeddable":true,"href":"https:\/\/www.artbutik.si\/en\/wp-json\/wp\/v2\/media\/104"}],"wp:attachment":[{"href":"https:\/\/www.artbutik.si\/en\/wp-json\/wp\/v2\/media?parent=723"}],"wp:term":[{"taxonomy":"product_brand","embeddable":true,"href":"https:\/\/www.artbutik.si\/en\/wp-json\/wp\/v2\/product_brand?post=723"},{"taxonomy":"product_cat","embeddable":true,"href":"https:\/\/www.artbutik.si\/en\/wp-json\/wp\/v2\/product_cat?post=723"},{"taxonomy":"product_tag","embeddable":true,"href":"https:\/\/www.artbutik.si\/en\/wp-json\/wp\/v2\/product_tag?post=723"}],"curies":[{"name":"wp","href":"https:\/\/api.w.org\/{rel}","templated":true}]}}